{"id":32,"date":"2015-07-28T12:44:26","date_gmt":"2015-07-28T12:44:26","guid":{"rendered":"http:\/\/kfztechnik-mueller.de\/?page_id=32"},"modified":"2019-07-18T22:16:35","modified_gmt":"2019-07-18T20:16:35","slug":"kontakt","status":"publish","type":"page","link":"https:\/\/kfztechnik-mueller.de\/?page_id=32","title":{"rendered":"Kontakt"},"content":{"rendered":"<h2 style=\"text-align: center;\"><strong>KFZ-Technik M\u00fcller<\/strong><\/h2>\n<h4 style=\"text-align: center;\">Inh. J\u00f6rg M\u00fcller<\/h4>\n<h4 style=\"text-align: center;\">Bahnhofstr. 20<\/h4>\n<h4 style=\"text-align: center;\">15848 Beeskow<\/h4>\n<h4 style=\"text-align: center;\">Email: info@kfztechnik-mueller.de<\/h4>\n<h4 style=\"text-align: center;\"><strong>Tel. 03366\/60403<\/strong><\/h4>\n<p>&nbsp;<\/p>\n<p><img decoding=\"async\" loading=\"lazy\" class=\"wp-image-623 aligncenter\" src=\"https:\/\/kfztechnik-mueller.de\/wp-content\/uploads\/Handy-2018-035-300x225.jpg\" alt=\"\" width=\"369\" height=\"277\" srcset=\"https:\/\/kfztechnik-mueller.de\/wp-content\/uploads\/Handy-2018-035-300x225.jpg 300w, https:\/\/kfztechnik-mueller.de\/wp-content\/uploads\/Handy-2018-035-768x576.jpg 768w, https:\/\/kfztechnik-mueller.de\/wp-content\/uploads\/Handy-2018-035-1024x768.jpg 1024w, https:\/\/kfztechnik-mueller.de\/wp-content\/uploads\/Handy-2018-035-107x80.jpg 107w\" sizes=\"(max-width: 369px) 100vw, 369px\" \/><\/p>\n<p>&nbsp;<\/p>\n<p style=\"text-align: center;\"><a href=\"https:\/\/www.google.de\/maps\/place\/KFZ-Technik+M%C3%BCller\/@52.1766768,14.2457147,17z\/data=!3m1!4b1!4m5!3m4!1s0x4707ed495529c557:0xe887908731a8c8a9!8m2!3d52.1766735!4d14.2479034\"><strong>Hier gehts direkt zum Google Maps Routenplaner<\/strong><\/a><\/p>\n","protected":false},"excerpt":{"rendered":"<p>KFZ-Technik M\u00fcller Inh. J\u00f6rg M\u00fcller Bahnhofstr. 20 15848 Beeskow Email: info@kfztechnik-mueller.de Tel. 03366\/60403 &nbsp; &nbsp; Hier gehts direkt zum Google Maps Routenplaner<\/p>\n","protected":false},"author":1,"featured_media":0,"parent":0,"menu_order":4,"comment_status":"closed","ping_status":"closed","template":"","meta":{"footnotes":""},"_links":{"self":[{"href":"https:\/\/kfztechnik-mueller.de\/index.php?rest_route=\/wp\/v2\/pages\/32"}],"collection":[{"href":"https:\/\/kfztechnik-mueller.de\/index.php?rest_route=\/wp\/v2\/pages"}],"about":[{"href":"https:\/\/kfztechnik-mueller.de\/index.php?rest_route=\/wp\/v2\/types\/page"}],"author":[{"embeddable":true,"href":"https:\/\/kfztechnik-mueller.de\/index.php?rest_route=\/wp\/v2\/users\/1"}],"replies":[{"embeddable":true,"href":"https:\/\/kfztechnik-mueller.de\/index.php?rest_route=%2Fwp%2Fv2%2Fcomments&post=32"}],"version-history":[{"count":23,"href":"https:\/\/kfztechnik-mueller.de\/index.php?rest_route=\/wp\/v2\/pages\/32\/revisions"}],"predecessor-version":[{"id":635,"href":"https:\/\/kfztechnik-mueller.de\/index.php?rest_route=\/wp\/v2\/pages\/32\/revisions\/635"}],"wp:attachment":[{"href":"https:\/\/kfztechnik-mueller.de\/index.php?rest_route=%2Fwp%2Fv2%2Fmedia&parent=32"}],"curies":[{"name":"wp","href":"https:\/\/api.w.org\/{rel}","templated":true}]}}